{"id":47,"date":"2010-06-23T10:30:43","date_gmt":"2010-06-23T08:30:43","guid":{"rendered":"http:\/\/www.weglaufhaus.de\/?page_id=2"},"modified":"2026-02-08T19:50:41","modified_gmt":"2026-02-08T18:50:41","slug":"weglaufhaus","status":"publish","type":"page","link":"https:\/\/weglaufhaus.de\/en\/","title":{"rendered":"Weglaufhaus"},"content":{"rendered":"\n<div class=\"wp-block-columns alignwide is-layout-flex wp-container-core-columns-is-layout-9d6595d7 wp-block-columns-is-layout-flex\">\n<div class=\"wp-block-column is-layout-flow wp-block-column-is-layout-flow\">\n<p>Das Weglaufhaus \u00bbVilla St\u00f6ckle\u00ab ist eine antipsychiatrisch orientierte Kriseneinrichtung im Norden Berlins. Es bietet wohnungslosen oder akut von Wohnungslosigkeit bedrohten Menschen in Krisen die M\u00f6glichkeit, sich dem psychiatrischen System zu entziehen und ihr Leben wieder in die eigenen H\u00e4nde zu nehmen. Wie der Tr\u00e4ger und Initiator des Projekts, der&nbsp;<a href=\"https:\/\/weglaufhaus.de\/index.php\/verein\/\" data-type=\"page\" data-id=\"51\">Verein zum Schutz vor psychiatrischer Gewalt e.V.<\/a>, wird auch das Weglaufhaus von (Psychiatrie-)Betroffenen und solidarischen Gleichgesinnten getragen.<\/p>\n\n\n\n<p>Mehr Informationen finden Sie auf den Unterseiten!<\/p>\n<\/div>\n\n\n\n<div class=\"wp-block-column is-layout-flow wp-block-column-is-layout-flow\">\n<!-- twingle -->\n<script type=\"text\/javascript\">\n\t(function() {\n\t\tvar u=\"https:\/\/spenden.twingle.de\/embed\/verein-zum-schutz-vor-psychiatrischer-gewalt-e-v\/spenden-wlh\/tw625950200bebd\/widget\";\n\t\tvar id = '_' + Math.random().toString(36).substr(2, 9);\n\t\tvar d=document, g=d.createElement('script'), s=d.getElementsByTagName('script')[0];\n\t\tdocument.write('<div id=\"twingle-public-embed-' + id + '\"><\/div>');\n\t\tg.type='text\/javascript'; g.async=true; g.defer=true; g.src=u+'\/'+id; s.parentNode.insertBefore(g,s);\n\t})();\n<\/script>\n<!-- twingle -->\n<\/div>\n<\/div>\n","protected":false},"excerpt":{"rendered":"<p>Das Weglaufhaus \u00bbVilla St\u00f6ckle\u00ab ist eine antipsychiatrisch orientierte Kriseneinrichtung im Norden Berlins. Es bietet wohnungslosen oder akut von Wohnungslosigkeit bedrohten Menschen in Krisen die M\u00f6glichkeit, sich dem psychiatrischen System zu entziehen und ihr Leben wieder in die eigenen H\u00e4nde zu nehmen. Wie der Tr\u00e4ger und Initiator des Projekts, der&nbsp;Verein zum Schutz vor psychiatrischer Gewalt e.V.,&hellip; <a class=\"more-link\" href=\"https:\/\/weglaufhaus.de\/en\/\">Continue reading <span class=\"screen-reader-text\">Weglaufhaus<\/span><\/a><\/p>\n","protected":false},"author":2,"featured_media":0,"parent":0,"menu_order":1,"comment_status":"closed","ping_status":"closed","template":"","meta":{"inline_featured_image":false,"footnotes":""},"class_list":["post-47","page","type-page","status-publish","hentry","entry"],"translation":{"provider":"WPGlobus","version":"3.0.2","language":"en","enabled_languages":["de","en"],"languages":{"de":{"title":true,"content":true,"excerpt":true},"en":{"title":false,"content":false,"excerpt":false}}},"_links":{"self":[{"href":"https:\/\/weglaufhaus.de\/en\/wp-json\/wp\/v2\/pages\/47","targetHints":{"allow":["GET"]}}],"collection":[{"href":"https:\/\/weglaufhaus.de\/en\/wp-json\/wp\/v2\/pages"}],"about":[{"href":"https:\/\/weglaufhaus.de\/en\/wp-json\/wp\/v2\/types\/page"}],"author":[{"embeddable":true,"href":"https:\/\/weglaufhaus.de\/en\/wp-json\/wp\/v2\/users\/2"}],"replies":[{"embeddable":true,"href":"https:\/\/weglaufhaus.de\/en\/wp-json\/wp\/v2\/comments?post=47"}],"version-history":[{"count":38,"href":"https:\/\/weglaufhaus.de\/en\/wp-json\/wp\/v2\/pages\/47\/revisions"}],"predecessor-version":[{"id":1968,"href":"https:\/\/weglaufhaus.de\/en\/wp-json\/wp\/v2\/pages\/47\/revisions\/1968"}],"wp:attachment":[{"href":"https:\/\/weglaufhaus.de\/en\/wp-json\/wp\/v2\/media?parent=47"}],"curies":[{"name":"wp","href":"https:\/\/api.w.org\/{rel}","templated":true}]}}