{"id":83,"date":"2010-08-30T14:20:14","date_gmt":"2010-08-30T12:20:14","guid":{"rendered":"http:\/\/www.weglaufhaus.de\/"},"modified":"2025-06-27T21:47:39","modified_gmt":"2025-06-27T19:47:39","slug":"texte-von-mitarbeiterinnen-des-berliner-weglaufhauses","status":"publish","type":"page","link":"https:\/\/weglaufhaus.de\/en\/weiterlesen\/texte-von-mitarbeiterinnen-des-berliner-weglaufhauses\/","title":{"rendered":"Texts by (former) staff members of the Berlin Weglaufhaus (selection)"},"content":{"rendered":"<div><em><a href=\"https:\/\/doi.org\/10.1024\/2297-6965\/a000630\">Das Weglaufhaus &#8220;Villa St\u00f6ckle. Zwischen utopischem \u00dcberschuss und gesellschaftlicher Realit\u00e4t<\/a><br \/><\/em>Christian K\u00fcpper<\/div>\n<div><em><a href=\"https:\/\/www.socialnet.de\/materialien\/30442.php\">Das Unbehagen in der therapeutischen Kultur. Anmerkungen zum professionellen Ungen\u00fcgen und zur Behandelbarkeit sozialer Ungleichheiten<\/a><br \/><\/em>Christian K\u00fcpper<\/div>\n<div><em><a href=\"https:\/\/psychiatrie-verlag.de\/product\/kuepper-c-immer-diese-widersprueche-einzelartikel-aus-si-2-2022\/\">Immer diese Widerspr\u00fcche. \u00dcberlegungen zur Antipsychiatrie aus Sicht eines Mitarbeiters des Berliner Weglaufhauses (Im Gedenken an Ludger Bruckmann)<\/a><br \/><\/em>Christian K\u00fcpper<\/div>\n<div><em><a href=\"https:\/\/doi.org\/10.1007\/978-3-658-35857-0_3\">Selbstbestimmt absetzen in fremdbestimmten Verh\u00e4ltnissen? Reflexionen \u00fcber Schwierigkeiten der (Nicht-)Einnahme von Psychopharmaka am Beispiel des antipsychiatrisch orientierten Berliner Weglaufhauses<\/a><br \/><\/em>Christian K\u00fcpper<\/div>\n<div><em><a href=\"https:\/\/zeitschrift-luxemburg.de\/artikel\/alltag-in-der-krise\/\">Immer diese Widerspr\u00fcche (Zeitschrift Luxemburg, online, Juni 2020) <\/a><br \/><\/em>Christian K\u00fcpper<\/div>\n<div><em><a href=\"https:\/\/thediscourseunit.files.wordpress.com\/2019\/12\/0353.pdf\">Experience &#8211; Affliction &#8211; Emancipation<\/a><br \/><\/em>Christian K\u00fcpper<\/div>\n<div><em><a href=\"https:\/\/weglaufhaus.de\/wp-content\/uploads\/2022\/06\/SKM_C335122062610160.pdf\">Von der Krise zum Vorstandsmitglied. Das Weglaufhaus &#8220;Villa St\u00f6ckle&#8221; in Berlin aus der Perspektive einer Bewohnerin<\/a><br \/><\/em>Mia Wendt<\/div>\n<div><em><a href=\"http:\/\/www.gemeindepsychologie.de\/index.php?id=156&amp;type=123\">Are you experienced? &#8211; Einige \u00dcberlegungen zum Verh\u00e4ltnis von subjektiver Erfahrung, Professionalit\u00e4t und Betroffenheit in Psychiatrie und Antipsychiatrie<\/a><br \/><\/em>Christian K\u00fcpper<\/div>\n<div><em><a href=\"https:\/\/psikolojivetoplum.todap.org\/2020\/03\/deneyim-hastalk-ozgurlesme-1.html\">Deneyim \u2013 Hastal\u0131k \u2013 \u00d6zg\u00fcrle\u015fme (T\u00fcrk\u00e7e\/ T\u00fcrkisch)<\/a><br \/><\/em>Christian K\u00fcpper<\/div>\n<div><em><a href=\"https:\/\/weglaufhaus.de\/wp-content\/uploads\/2022\/10\/christianku\u0308pper-erfahrungbetroffenheitemanzipation-zweiteauflage.pdf\">Erfahrung &#8211; Betroffenheit &#8211; Emanzipation<\/a><br \/><\/em>Christian K\u00fcpper<\/div>\n<div><em><a href=\"https:\/\/weglaufhaus.de\/wp-content\/uploads\/2022\/06\/SKM_C335122062609530.pdf\">Das Berliner Weglaufhaus als Beispiel antipsychiatrischer Praxis<\/a><br \/><\/em>Christiane Carri, Martin Abrahamowicz<\/div>\n<div><em><a href=\"https:\/\/weglaufhaus.de\/wp-content\/uploads\/2022\/06\/SKM_C335122062609430.pdf\">Partizipation oder Betroffenenkontrolle?<\/a><br \/><\/em>Christiane Carri, Christian K\u00fcpper<\/div>\n<div><em><a href=\"https:\/\/weglaufhaus.de\/wp-content\/uploads\/2025\/01\/viola-balz-sanfte-zwaenge-und-chemische-gewalt-2011.pdf\">Sanfte Zw\u00e4nge und chemische Gewalt<\/a><br \/><\/em>Viola Balz<\/div>\n<div><em><a href=\"http:\/\/www.weglaufhaus.de\/wp-content\/uploads\/2010\/08\/Umgang_mit_Krisen_Vogel.pdf\">Umgang mit Menschen in Krisen &#8211; Grunds\u00e4tze der Arbeit im Weglaufhaus Berlin<\/a><br \/><\/em>Kathrin Vogel<\/div>\n<div><em><a href=\"http:\/\/www.weglaufhaus.de\/wp-content\/uploads\/2010\/08\/Gemeinsame_St\u00e4rke_finden_Das_Berliner_Weglaufhaus_Hartmann_Br\u00e4unling.pdf\">Gemeinsam(e) St\u00e4rke finden<\/a><br \/><\/em>Petra Hartmann und Stefan Br\u00e4unling<\/div>\n<div><em><a href=\"https:\/\/weglaufhaus.de\/wp-content\/uploads\/2025\/01\/ludger-bruckmann-was-hilft-mir-wenn-ich-verrueckt-werde-2007.pdf\">Was hilft mir, wenn ich verr\u00fcckt werde?<\/a><br \/><\/em>Ludger Bruckmann<\/div>\n<div><em><a href=\"http:\/\/www.weglaufhaus.de\/wp-content\/uploads\/2010\/08\/Leistungstyp_Kriseneinrichtung_Arbeit_auf_der_Schnittstelle_Lange_Br\u00e4unling.pdf\">Leistungstyp Kriseneinrichtung \u2013 Arbeit auf der Schnittstelle<\/span><\/a><br \/><\/em>Marc Lange und Stefan Br\u00e4unling<\/div>\n<div><em><a href=\"http:\/\/www.weglaufhaus.de\/wp-content\/uploads\/2010\/08\/Design_your_self_Janda.pdf\">Design your self \u2013 \u00dcber Psychopharmaka und die Inszenierbarkeit des Lebens<\/a><br \/><\/em>n.n<\/div>\n<div><em><a href=\"http:\/\/www.weglaufhaus.de\/wp-content\/uploads\/2010\/08\/Meine_Krankheit_mein_Medikament_und_ich_Balz_Br\u00e4unling_Walther.pdf\">Meine Krankheit, mein Medikament und ich \u2013 Die atypischen Neuroleptika als neue Identit\u00e4tsstifter der Psychiatrie<\/a><br \/><\/em>Viola Balz, Stefan Br\u00e4unling und Therese Walther<\/div>\n<div><em><a href=\"http:\/\/www.weglaufhaus.de\/wp-content\/uploads\/2010\/08\/Hotel_Stadtrand_Kemper.pdf\">Hotel Stadtrand (&#8220;Freitag&#8221;)<\/a><br \/><\/em>Kerstin Kempker<\/div>\n<div><em><a href=\"http:\/\/www.weglaufhaus.de\/wp-content\/uploads\/2010\/08\/Freie_Sicht_auf_mich_selbst_Br\u00e4unling_Balz_Trotha.pdf\">Freie Sicht auf mich selbst! \u2013 Die Praxis im Berliner Weglaufhaus<\/a><br \/><\/em>Stefan Br\u00e4unling, Viola Balz und Thilo von Trotha<\/div>\n<div><em><a href=\"http:\/\/www.weglaufhaus.de\/wp-content\/uploads\/2010\/08\/Hilf_und_herrsche_Balz_Janda.pdf\">Hilf und Herrsche: Die Psychiatrie baut auf die Versprechen der Genetik. Zum Berliner Russell-Tribunal<\/a><br \/><\/em>Viola Balz et al.<\/div>\n<div><em><a href=\"https:\/\/weglaufhaus.de\/wp-content\/uploads\/2025\/03\/Thilo-von-Trotha-2001-Das-Berliner-Weglaufhaus-ein-anderer-Ort.pdf\">Das Berliner Weglaufhaus &#8211; ein anderer Ort? \u00dcber einige Grundlagen antipsychiatrischer Projektarbeit<\/a><br \/><\/em>Thilo von Trotha<\/div>\n<div><em><a href=\"https:\/\/weglaufhaus.de\/wp-content\/uploads\/2025\/03\/Stefan-Braeunling-2001-Fuenf-Jahre-Weglaufhaus-Berlin.pdf\">F\u00fcnf Jahre Weglaufhaus Berlin<\/a><br \/><\/em>Stefan Br\u00e4unling<\/div>\n<div><em><a href=\"http:\/\/www.weglaufhaus.de\/wp-content\/uploads\/2010\/08\/trotha-alte_fragen.pdf\">Unterwegs zu alten Fragen: Die Neue Antipsychiatrie<\/a><br \/><\/em>Thilo von Trotha<\/div>\n<div><em><a href=\"https:\/\/weglaufhaus.de\/wp-content\/uploads\/2025\/01\/H-lling-2001-Acta_Psychiatrica_Scandinavica.pdf\">About the impossibility of a single (ex-)user and survivor of psychiatry position<\/a><br \/><\/em>Iris H\u00f6lling<\/div>\n<div><em><a href=\"http:\/\/www.weglaufhaus.de\/wp-content\/uploads\/2010\/08\/Leserbrief_Trotha.pdf\">Leserbrief zu dem Artikel \u00bbStimmen und Blitze im Gehirn\u00ab (taz vom 30. M\u00e4rz 2001)<\/a><br \/><\/em>Thilo von Trotha<\/div>\n<div><em><a href=\"https:\/\/weglaufhaus.de\/wp-content\/uploads\/2025\/01\/iris-hoelling-die-diagnosebrille-1999.pdf\">Die Diagnosebrille. Zur Funktion und Problematik psychiatrischer Diagnosen<\/a><br \/><\/em>Iris H\u00f6lling<\/div>\n<div><em><a href=\"https:\/\/weglaufhaus.de\/wp-content\/uploads\/2025\/01\/ulrike-kloeppel-das-weglaufhaus-berlin-1999.pdf\">Das Weglaufhaus Berlin. Eine Alternative zur Psychiatrie?<\/a><br \/><\/em>Ulrike Kl\u00f6ppel<\/div>\n<div><em><a href=\"http:\/\/www.weglaufhaus.de\/wp-content\/uploads\/2010\/08\/Wir_halten_die_Psychiatrie_nicht_f\u00fcr_\u00fcberfl\u00fcssig_sondern_f\u00fcr_sch\u00e4dlich_Kl\u00f6ppel.pdf\">Wir halten die Psychiatrie nicht nur f\u00fcr \u00fcberfl\u00fcssig, sondern f\u00fcr sch\u00e4dlich!<\/a><br \/><\/em>Ulrike Kl\u00f6ppel<\/div>\n<div><em><a href=\"http:\/\/www.weglaufhaus.de\/wp-content\/uploads\/2014\/01\/thilo.von_.trotha.\u00fcber.die_.unm\u00f6glichkeit.eine_.psychose.zu_.erfahren.pdf\">\u00dcber die Unm\u00f6glichkeit, eine &#8220;Psychose&#8221; zu erfahren, oder, was mir nicht hilft, wenn ich verr\u00fcckt werde<\/a><br \/><\/em>Thilo von Trotha<\/div>\n<div><em><a href=\"https:\/\/weglaufhaus.de\/wp-content\/uploads\/2025\/03\/Burkhart-Brueckner-1995-Das-Tagebuch-als-Selbsthilfe.pdf\">Das Tagebuch als Selbsthilfe<\/a><br \/><\/em>Burkhart Br\u00fcckner<\/div>\n<div><em><a href=\"https:\/\/weglaufhaus.de\/wp-content\/uploads\/2025\/03\/Iris-Hoelling-1995-Was-kann-ich-tun-wenn-ich-verrueckt-werde.pdf\">Was kann ich tun, wenn ich verr\u00fcckt werde? Gedankensplitter zur Diskussion<\/a><br \/><\/em>Iris H\u00f6lling<\/div>\n<div><em><a href=\"https:\/\/weglaufhaus.de\/wp-content\/uploads\/2025\/01\/Thilo-von-Trotha_-Was-hilft-mir-wenn-ich-verrueckt-werde_1993.pdf\">Was hilft mir, wenn ich verr\u00fcckt werde?<\/a><br \/><\/em>Thilo von Trotha<\/div>\n","protected":false},"excerpt":{"rendered":"<p>Das Weglaufhaus &#8220;Villa St\u00f6ckle. Zwischen utopischem \u00dcberschuss und gesellschaftlicher Realit\u00e4tChristian K\u00fcpper Das Unbehagen in der therapeutischen Kultur. Anmerkungen zum professionellen Ungen\u00fcgen und zur Behandelbarkeit sozialer UngleichheitenChristian K\u00fcpper Immer diese Widerspr\u00fcche. \u00dcberlegungen zur Antipsychiatrie aus Sicht eines Mitarbeiters des Berliner Weglaufhauses (Im Gedenken an Ludger Bruckmann)Christian K\u00fcpper Selbstbestimmt absetzen in fremdbestimmten Verh\u00e4ltnissen? Reflexionen \u00fcber Schwierigkeiten der&hellip; <a class=\"more-link\" href=\"https:\/\/weglaufhaus.de\/en\/weiterlesen\/texte-von-mitarbeiterinnen-des-berliner-weglaufhauses\/\">Continue reading <span class=\"screen-reader-text\">Texts by (former) staff members of the Berlin Weglaufhaus (selection)<\/span><\/a><\/p>\n","protected":false},"author":2,"featured_media":0,"parent":13,"menu_order":1,"comment_status":"closed","ping_status":"closed","template":"","meta":{"inline_featured_image":false,"footnotes":""},"class_list":["post-83","page","type-page","status-publish","hentry","entry"],"translation":{"provider":"WPGlobus","version":"3.0.2","language":"en","enabled_languages":["de","en"],"languages":{"de":{"title":true,"content":true,"excerpt":true},"en":{"title":true,"content":true,"excerpt":false}}},"_links":{"self":[{"href":"https:\/\/weglaufhaus.de\/en\/wp-json\/wp\/v2\/pages\/83","targetHints":{"allow":["GET"]}}],"collection":[{"href":"https:\/\/weglaufhaus.de\/en\/wp-json\/wp\/v2\/pages"}],"about":[{"href":"https:\/\/weglaufhaus.de\/en\/wp-json\/wp\/v2\/types\/page"}],"author":[{"embeddable":true,"href":"https:\/\/weglaufhaus.de\/en\/wp-json\/wp\/v2\/users\/2"}],"replies":[{"embeddable":true,"href":"https:\/\/weglaufhaus.de\/en\/wp-json\/wp\/v2\/comments?post=83"}],"version-history":[{"count":97,"href":"https:\/\/weglaufhaus.de\/en\/wp-json\/wp\/v2\/pages\/83\/revisions"}],"predecessor-version":[{"id":1912,"href":"https:\/\/weglaufhaus.de\/en\/wp-json\/wp\/v2\/pages\/83\/revisions\/1912"}],"up":[{"embeddable":true,"href":"https:\/\/weglaufhaus.de\/en\/wp-json\/wp\/v2\/pages\/13"}],"wp:attachment":[{"href":"https:\/\/weglaufhaus.de\/en\/wp-json\/wp\/v2\/media?parent=83"}],"curies":[{"name":"wp","href":"https:\/\/api.w.org\/{rel}","templated":true}]}}